{"id":257,"date":"2019-11-27T14:43:01","date_gmt":"2019-11-27T13:43:01","guid":{"rendered":"http:\/\/bootcharter.de\/inselblog\/?page_id=257"},"modified":"2020-08-30T09:33:51","modified_gmt":"2020-08-30T07:33:51","slug":"schwarzes-brett","status":"publish","type":"page","link":"https:\/\/bootcharter.de\/inselblog\/index.php\/schwarzes-brett\/","title":{"rendered":"Schwarzes Brett"},"content":{"rendered":"<p>Wenn jemand auf der Insel etwas zu verkaufen oder zu verschenken hat, oder etwas zu kaufen oder zu leihen sucht oder tatkr\u00e4ftige Unterst\u00fctzung braucht: Hier kann daf\u00fcr eine Annonce ver\u00f6ffentlicht werden. Dazu am besten ein pdf erstellen, das ich dann hochlade und hier verlinke. Zur Not reicht es auch, mir Fotos und die Beschreibung zu schicken. Derzeit im Angebot:<\/p>\n<p><a href=\"http:\/\/egsdorfer-horst.de\/inselblogbilder\/2020\/05\/Heckenschere.pdf\">Elektrische Heckenschere<\/a><\/p>\n<p><a href=\"http:\/\/egsdorfer-horst.de\/inselblogbilder\/2020\/05\/Steigeisen.pdf\">Steigeisen<\/a><\/p>\n<p><a href=\"http:\/\/egsdorfer-horst.de\/inselblogbilder\/2020\/05\/Kettensaege-Dolmar.pdf\">Elektrische Kettens\u00e4ge, 40 cm Schwert, 2000 W<\/a><\/p>\n","protected":false},"excerpt":{"rendered":"<p>Wenn jemand auf der Insel etwas zu verkaufen oder zu verschenken hat, oder etwas zu kaufen oder zu leihen sucht oder tatkr\u00e4ftige Unterst\u00fctzung braucht: Hier kann daf\u00fcr&hellip; <span class=\"read-more\"><a class=\"more-link\" href=\"https:\/\/bootcharter.de\/inselblog\/index.php\/schwarzes-brett\/\" rel=\"bookmark\"><span class=\"screen-reader-text\">&#8222;Schwarzes Brett&#8220;<\/span> weiterlesen<\/a><\/span><\/p>\n","protected":false},"author":1,"featured_media":0,"parent":0,"menu_order":0,"comment_status":"closed","ping_status":"closed","template":"","meta":[],"_links":{"self":[{"href":"https:\/\/bootcharter.de\/inselblog\/index.php\/wp-json\/wp\/v2\/pages\/257"}],"collection":[{"href":"https:\/\/bootcharter.de\/inselblog\/index.php\/wp-json\/wp\/v2\/pages"}],"about":[{"href":"https:\/\/bootcharter.de\/inselblog\/index.php\/wp-json\/wp\/v2\/types\/page"}],"author":[{"embeddable":true,"href":"https:\/\/bootcharter.de\/inselblog\/index.php\/wp-json\/wp\/v2\/users\/1"}],"replies":[{"embeddable":true,"href":"https:\/\/bootcharter.de\/inselblog\/index.php\/wp-json\/wp\/v2\/comments?post=257"}],"version-history":[{"count":12,"href":"https:\/\/bootcharter.de\/inselblog\/index.php\/wp-json\/wp\/v2\/pages\/257\/revisions"}],"predecessor-version":[{"id":296,"href":"https:\/\/bootcharter.de\/inselblog\/index.php\/wp-json\/wp\/v2\/pages\/257\/revisions\/296"}],"wp:attachment":[{"href":"https:\/\/bootcharter.de\/inselblog\/index.php\/wp-json\/wp\/v2\/media?parent=257"}],"curies":[{"name":"wp","href":"https:\/\/api.w.org\/{rel}","templated":true}]}}