{"id":49,"date":"2018-08-27T16:52:11","date_gmt":"2018-08-27T14:52:11","guid":{"rendered":"http:\/\/bootcharter.de\/inselblog\/?page_id=49"},"modified":"2020-07-21T08:40:40","modified_gmt":"2020-07-21T06:40:40","slug":"von-wem-fuer-wen","status":"publish","type":"page","link":"https:\/\/bootcharter.de\/inselblog\/index.php\/von-wem-fuer-wen\/","title":{"rendered":"Von wem, f\u00fcr wen?"},"content":{"rendered":"<p>Hier dreht\u00a0 sich alles\u00a0 um die Insel Egsdorfer Horst im Teupitzer See.\u00a0 Das Blog soll\u00a0 Informationen, die einzelne der ca. 50 Insulaner bekommen haben und die\u00a0f\u00fcr die Insel wichtig sein k\u00f6nnten, allen zur Verf\u00fcgung stellen.\u00a0Das betrifft vor allem &#8211; aber nicht nur &#8211; Neuigkeiten aus Verwaltung, \u00c4mtern oder Landkreis, die z.B. den Stand der Stromversorgung oder der Abwasserentsorgung betreffen.<\/p>\n<p><strong>F\u00fcr die nicht ganz so Internet-Gewohnten unter uns der Hinweis<\/strong>: Dies ist ein Blog, d.h., im Prinzip eine \u00f6ffentliche Website, die f\u00fcr jedermann sichtbar ist. Das ist nicht vergleichbar mit mehr oder weniger geschlossenen Foren oder einer Facebook-Gruppe. Beim Schreiben von Kommentaren sollte man sich dessen bewusst sein.\u00a0 Ich habe das zwar so eingerichtet, dass Suchmaschinen das Blog nicht indizieren sollen, man wird es also beim Googeln wohl nicht finden. Aber nicht alle Suchmaschinen halten sich unbedingt daran, und wer die Web-Adresse kennt, kann hier sowieso mitlesen.<\/p>\n<p>Schon weil ich f\u00fcr den Inhalt des Blogs juristisch verantwortlich bin, muss jeder Kommentar vor Ver\u00f6ffentlichung durch mich frei geschaltet werden. Man kann die Kommentarfunktion also auch nutzen, um mir eine Mitteilung zu senden. Dann sollte aber im Kommentar deutlich gemacht werden, dass er nicht zur Ver\u00f6ffentlichung bestimmt ist.<\/p>\n<p>Hansj\u00f6rg Leser (Administrator)<\/p>\n","protected":false},"excerpt":{"rendered":"<p>Hier dreht\u00a0 sich alles\u00a0 um die Insel Egsdorfer Horst im Teupitzer See.\u00a0 Das Blog soll\u00a0 Informationen, die einzelne der ca. 50 Insulaner bekommen haben und die\u00a0f\u00fcr die&hellip; <span class=\"read-more\"><a class=\"more-link\" href=\"https:\/\/bootcharter.de\/inselblog\/index.php\/von-wem-fuer-wen\/\" rel=\"bookmark\"><span class=\"screen-reader-text\">&#8222;Von wem, f\u00fcr wen?&#8220;<\/span> weiterlesen<\/a><\/span><\/p>\n","protected":false},"author":1,"featured_media":0,"parent":0,"menu_order":0,"comment_status":"closed","ping_status":"closed","template":"","meta":[],"_links":{"self":[{"href":"https:\/\/bootcharter.de\/inselblog\/index.php\/wp-json\/wp\/v2\/pages\/49"}],"collection":[{"href":"https:\/\/bootcharter.de\/inselblog\/index.php\/wp-json\/wp\/v2\/pages"}],"about":[{"href":"https:\/\/bootcharter.de\/inselblog\/index.php\/wp-json\/wp\/v2\/types\/page"}],"author":[{"embeddable":true,"href":"https:\/\/bootcharter.de\/inselblog\/index.php\/wp-json\/wp\/v2\/users\/1"}],"replies":[{"embeddable":true,"href":"https:\/\/bootcharter.de\/inselblog\/index.php\/wp-json\/wp\/v2\/comments?post=49"}],"version-history":[{"count":3,"href":"https:\/\/bootcharter.de\/inselblog\/index.php\/wp-json\/wp\/v2\/pages\/49\/revisions"}],"predecessor-version":[{"id":294,"href":"https:\/\/bootcharter.de\/inselblog\/index.php\/wp-json\/wp\/v2\/pages\/49\/revisions\/294"}],"wp:attachment":[{"href":"https:\/\/bootcharter.de\/inselblog\/index.php\/wp-json\/wp\/v2\/media?parent=49"}],"curies":[{"name":"wp","href":"https:\/\/api.w.org\/{rel}","templated":true}]}}